{"id":814,"date":"2025-06-24T12:49:07","date_gmt":"2025-06-24T12:49:07","guid":{"rendered":"https:\/\/idvasgroup.com\/?page_id=814"},"modified":"2025-09-18T17:31:33","modified_gmt":"2025-09-18T17:31:33","slug":"evaluacion-de-los-modelos-de-medida-en-pls-sem","status":"publish","type":"page","link":"https:\/\/idvasgroup.com\/en\/evaluacion-de-los-modelos-de-medida-en-pls-sem\/","title":{"rendered":"Evaluaci\u00f3n de los modelos de medida en PLS-SEM"},"content":{"rendered":"<p>La t\u00e9cnica estad\u00edstica PLS-SEM permite analizar relaciones complejas entre variables latentes. Estas variables latentes pueden tener distintos modelos de medida, como:<\/p>\n\n\n\n<ul class=\"wp-block-list\">\n<li>El modelo de medida reflectivo<\/li>\n\n\n\n<li>El modelo de medida formativo<\/li>\n\n\n\n<li>El modelo de medida con un \u00fanico indicador<\/li>\n<\/ul>\n\n\n\n<p>En este webinar, los asistentes aprender\u00e1n como evaluar los modelos de medida de las variables latentes de un modelo PLS-SEM con la ayuda de la versi\u00f3n m\u00e1s reciente del software SmartPLS.<\/p>\n\n\n\n<figure class=\"wp-block-embed is-type-video is-provider-youtube wp-block-embed-youtube wp-embed-aspect-16-9 wp-has-aspect-ratio\"><div class=\"wp-block-embed__wrapper\">\n<iframe title=\"Webinar Evaluaci\u00f3n de los modelos de medida en PLS-SEM\" width=\"800\" height=\"450\" src=\"https:\/\/www.youtube.com\/embed\/k_ktMTjkNfs?feature=oembed\" frameborder=\"0\" allow=\"accelerometer; autoplay; clipboard-write; encrypted-media; gyroscope; picture-in-picture; web-share\" referrerpolicy=\"strict-origin-when-cross-origin\" allowfullscreen><\/iframe>\n<\/div><\/figure>\n\n\n\n<p><\/p>\n\n\n\n<p><\/p>\n\n\n\n<p><strong>Instructor<\/strong>: Prof. Vasilica-Maria Margalina<\/p>\n\n\n\n<p>Vasilica tiene m\u00e1s de 10 a\u00f1os de experiencia en investigaci\u00f3n. Ha impartido cursos de PLS-SEM en varias instituciones de hispanoam\u00e9rica, como la Universidad Rey Juan Carlos de Madrid, Espa\u00f1a, la Universidad T\u00e9cnica de Ambato y la Universidad T\u00e9cnica Estatal de Quevedo, Ecuador. Tiene varios art\u00edculos relacionados con el an\u00e1lisis PLS-SEM publicados en revistas de alto impacto como Studies in Higher Education, International Journal of Human Capital and Information Technology Professionals y Retos, entre otros.<\/p>\n\n\n\n\n\n<p>&nbsp;<\/p>","protected":false},"excerpt":{"rendered":"<p>La t\u00e9cnica estad\u00edstica PLS-SEM permite analizar relaciones complejas entre variables latentes. Estas variables latentes pueden tener distintos modelos de medida, como: En este webinar, los asistentes aprender\u00e1n como evaluar los modelos de medida de las variables latentes de un modelo PLS-SEM con la ayuda de la versi\u00f3n m\u00e1s reciente del software SmartPLS. Instructor: Prof. Vasilica-Maria [&hellip;]<\/p>\n","protected":false},"author":1,"featured_media":0,"parent":0,"menu_order":0,"comment_status":"closed","ping_status":"closed","template":"","meta":{"footnotes":""},"class_list":["post-814","page","type-page","status-publish","hentry"],"_links":{"self":[{"href":"https:\/\/idvasgroup.com\/en\/wp-json\/wp\/v2\/pages\/814","targetHints":{"allow":["GET"]}}],"collection":[{"href":"https:\/\/idvasgroup.com\/en\/wp-json\/wp\/v2\/pages"}],"about":[{"href":"https:\/\/idvasgroup.com\/en\/wp-json\/wp\/v2\/types\/page"}],"author":[{"embeddable":true,"href":"https:\/\/idvasgroup.com\/en\/wp-json\/wp\/v2\/users\/1"}],"replies":[{"embeddable":true,"href":"https:\/\/idvasgroup.com\/en\/wp-json\/wp\/v2\/comments?post=814"}],"version-history":[{"count":9,"href":"https:\/\/idvasgroup.com\/en\/wp-json\/wp\/v2\/pages\/814\/revisions"}],"predecessor-version":[{"id":862,"href":"https:\/\/idvasgroup.com\/en\/wp-json\/wp\/v2\/pages\/814\/revisions\/862"}],"wp:attachment":[{"href":"https:\/\/idvasgroup.com\/en\/wp-json\/wp\/v2\/media?parent=814"}],"curies":[{"name":"wp","href":"https:\/\/api.w.org\/{rel}","templated":true}]}}