{"id":691,"date":"2025-06-23T14:47:18","date_gmt":"2025-06-23T14:47:18","guid":{"rendered":"https:\/\/idvasgroup.com\/?page_id=691"},"modified":"2025-08-04T07:59:44","modified_gmt":"2025-08-04T07:59:44","slug":"analisis-de-mediacion-y-moderacion-en-pls-sem","status":"publish","type":"page","link":"https:\/\/idvasgroup.com\/en\/analisis-de-mediacion-y-moderacion-en-pls-sem\/","title":{"rendered":"Mediation and moderation analysis in PLS-SEM"},"content":{"rendered":"<div data-elementor-type=\"wp-page\" data-elementor-id=\"691\" class=\"elementor elementor-691\" data-elementor-post-type=\"page\">\n\t\t\t\t<div class=\"elementor-element elementor-element-46d9fa7f e-flex e-con-boxed e-con e-parent\" data-id=\"46d9fa7f\" data-element_type=\"container\" data-e-type=\"container\">\n\t\t\t\t\t<div class=\"e-con-inner\">\n\t\t\t\t<div class=\"elementor-element elementor-element-632cc604 elementor-widget elementor-widget-text-editor\" data-id=\"632cc604\" data-element_type=\"widget\" data-e-type=\"widget\" data-widget_type=\"text-editor.default\">\n\t\t\t\t<div class=\"elementor-widget-container\">\n\t\t\t\t\t\t\t\t\t<h2 class=\"wp-block-heading\">Curso de an\u00e1lisis de mediaci\u00f3n y moderaci\u00f3n en PLS-SEM<\/h2>\n<p><!-- \/wp:heading --><!-- wp:paragraph --><\/p>\n<p>La <strong>mediaci\u00f3n <\/strong>y <strong>moderaci\u00f3n<\/strong> son dos conceptos relacionados porque ambos se refieren al efecto de una tercera variable en las relaciones estructurales entre dos constructos de un modelo PLS-SEM. La <strong>mediaci\u00f3n<\/strong> se refiere al proceso a trav\u00e9s del cual una variable explicativa afecta otra variable a trav\u00e9s de una tercera variable, mientras que la <strong>moderaci\u00f3n<\/strong> se relaciona con c\u00f3mo el efecto de una variable en otra puede variar en funci\u00f3n de otra variable moderador. Ambos conceptos son fundamentales para comprender las relaciones complejas entre variables en un modelo PLS-SEM.<\/p>\n<p><!-- \/wp:paragraph --><!-- wp:paragraph --><\/p>\n<p>IDVAS Academy te propone este curso en el cual se abordar\u00e1n los siguientes temas del an\u00e1lisis de mediaci\u00f3n y moderaci\u00f3n:<\/p>\n<p><!-- \/wp:paragraph --><!-- wp:list {\"ordered\":true} --><\/p>\n<ol class=\"wp-block-list\">\n<li style=\"list-style-type: none;\">\n<ol class=\"wp-block-list\"><!-- wp:list-item --><\/ol>\n<\/li>\n<\/ol>\n<ol class=\"wp-block-list\">\n<li style=\"list-style-type: none;\">\n<ol class=\"wp-block-list\">\n<li>Explicaci\u00f3n de los conceptos de mediaci\u00f3n y moderaci\u00f3n<\/li>\n<\/ol>\n<\/li>\n<\/ol>\n<p><!-- \/wp:list-item --><!-- wp:list-item --><\/p>\n<ol class=\"wp-block-list\">\n<li style=\"list-style-type: none;\">\n<ol class=\"wp-block-list\">\n<li>Mediaci\u00f3n simple, mediaci\u00f3n paralela y mediaci\u00f3n en serie en PLS-SEM<\/li>\n<\/ol>\n<\/li>\n<\/ol>\n<p><!-- \/wp:list-item --><!-- wp:list-item --><\/p>\n<ol class=\"wp-block-list\">\n<li style=\"list-style-type: none;\">\n<ol class=\"wp-block-list\">\n<li>Moderaci\u00f3n con variables contin\u00faas y con variables binarias en PLS-SEM<\/li>\n<\/ol>\n<\/li>\n<\/ol>\n<p><!-- \/wp:list-item --><!-- wp:list-item --><\/p>\n<ol class=\"wp-block-list\">\n<li style=\"list-style-type: none;\">\n<ol class=\"wp-block-list\">\n<li>La mediaci\u00f3n moderada en PLS-SEM<\/li>\n<\/ol>\n<\/li>\n<\/ol>\n<p><!-- \/wp:list-item --><\/p>\n<p><!-- \/wp:list --><!-- wp:paragraph --><\/p>\n<p>El curso se imparte en totalidad en la modalidad online asincr\u00f3nica e incluye el acceso al campus virtual, manuales y tutoriales video para que los estudiantes aprendar a realizar paso a paso un an\u00e1lisis de mediaci\u00f3n o de moderaci\u00f3n en un modelo PLS-SEM. Para el desarrollo del curso y los tutoriales se usa el software SmartPLS 4. Los estudiantes recibir\u00e1n una licencia gratuita profesional de 2 meses.<\/p>\n<p><\/p>\n<p><!-- \/wp:paragraph --><!-- wp:paragraph --><\/p>\n<p><strong>Profesor:<\/strong> Dra. <a href=\"https:\/\/www.linkedin.com\/in\/vasilica-maria-margalina-a8a52a13\/\" data-type=\"link\" data-id=\"https:\/\/www.linkedin.com\/in\/vasilica-maria-margalina-a8a52a13\/\">Vasilica-Maria Margalina<\/a><\/p>\n<p><!-- \/wp:paragraph --><!-- wp:paragraph --><\/p>\n<p>Vasilica tiene m\u00e1s de 10 a\u00f1os de experiencia en investigaci\u00f3n. Ha impartido cursos de PLS-SEM en varias instituciones de hispanoam\u00e9rica, como la Universidad Rey Juan Carlos de Madrid, Espa\u00f1a, la Universidad T\u00e9cnica de Ambato y la Universidad T\u00e9cnica Estatal de Quevedo, Ecuador. Tiene varios art\u00edculos relacionados con el an\u00e1lisis PLS-SEM publicados en revistas de alto impacto como Studies in Higher Education, International Journal of Human Capital and Information Technology Professionals y Retos, entre otros.<\/p>\n<p><!-- \/wp:paragraph --><!-- wp:paragraph --><\/p>\n<p>\u00a1Elige el plan de precios que mejor se ajuste a tus necesidades de formaci\u00f3n!<\/p>\n<p>\u00a0<\/p>\n<p><!-- \/wp:paragraph --><\/p>\n<p><!-- \/wp:table --><\/p>\n<p><!-- wp:table --><\/p>\n<figure class=\"wp-block-table\">\n<table class=\"has-fixed-layout\">\n<tbody>\n<tr>\n<td>Plan A: <strong>54,88\u00a0USD<\/strong><\/td>\n<td>Plan B: <strong>84,68 USD<\/strong><\/td>\n<\/tr>\n<tr>\n<td>1 mes de acceso a la plataforma<\/td>\n<td>3 meses de acceso a la plataforma<br \/>3 horas de tutor\u00eda\u00a0<\/td>\n<\/tr>\n<\/tbody>\n<\/table>\n<\/figure>\n<p><!-- \/wp:table --><!-- wp:table --><\/p>\n<figure class=\"wp-block-table\">\n<table class=\"has-fixed-layout\">\n<tbody>\n<tr>\n<td class=\"has-text-align-center\" data-align=\"center\"><a href=\"https:\/\/checkout.teachable.com\/secure\/798787\/checkout\/order_p6bgdjn0\" target=\"_blank\" rel=\"noopener\" data-type=\"link\" data-id=\"https:\/\/idvasgroup.com\/analisis-de-mediacion-y-moderacion-en-pls-sem\/\">Comprar<\/a><\/td>\n<td class=\"has-text-align-center\" data-align=\"center\"><a href=\"https:\/\/checkout.teachable.com\/secure\/798787\/checkout\/order_hx8ml5g8\" target=\"_blank\" rel=\"noopener\" data-type=\"link\" data-id=\"https:\/\/idvasgroup.com\/analisis-de-mediacion-y-moderacion-en-pls-sem\/\">Comprar<\/a><\/td>\n<\/tr>\n<\/tbody>\n<\/table>\n<\/figure>\n<p><!-- \/wp:table --><\/p>\t\t\t\t\t\t\t\t<\/div>\n\t\t\t\t<\/div>\n\t\t\t\t\t<\/div>\n\t\t\t\t<\/div>\n\t\t<div class=\"elementor-element elementor-element-edf71be e-flex e-con-boxed e-con e-parent\" data-id=\"edf71be\" data-element_type=\"container\" data-e-type=\"container\">\n\t\t\t\t\t<div class=\"e-con-inner\">\n\t\t\t\t\t<\/div>\n\t\t\t\t<\/div>\n\t\t<div class=\"elementor-element elementor-element-0acbfaa e-flex e-con-boxed e-con e-parent\" data-id=\"0acbfaa\" data-element_type=\"container\" data-e-type=\"container\">\n\t\t\t\t\t<div class=\"e-con-inner\">\n\t\t\t\t\t<\/div>\n\t\t\t\t<\/div>\n\t\t\t\t<\/div>","protected":false},"excerpt":{"rendered":"<p>Curso de an\u00e1lisis de mediaci\u00f3n y moderaci\u00f3n en PLS-SEM La mediaci\u00f3n y moderaci\u00f3n son dos conceptos relacionados porque ambos se refieren al efecto de una tercera variable en las relaciones estructurales entre dos constructos de un modelo PLS-SEM. La mediaci\u00f3n se refiere al proceso a trav\u00e9s del cual una variable explicativa afecta otra variable a [&hellip;]<\/p>\n","protected":false},"author":1,"featured_media":0,"parent":0,"menu_order":0,"comment_status":"closed","ping_status":"closed","template":"","meta":{"footnotes":""},"class_list":["post-691","page","type-page","status-publish","hentry"],"_links":{"self":[{"href":"https:\/\/idvasgroup.com\/en\/wp-json\/wp\/v2\/pages\/691","targetHints":{"allow":["GET"]}}],"collection":[{"href":"https:\/\/idvasgroup.com\/en\/wp-json\/wp\/v2\/pages"}],"about":[{"href":"https:\/\/idvasgroup.com\/en\/wp-json\/wp\/v2\/types\/page"}],"author":[{"embeddable":true,"href":"https:\/\/idvasgroup.com\/en\/wp-json\/wp\/v2\/users\/1"}],"replies":[{"embeddable":true,"href":"https:\/\/idvasgroup.com\/en\/wp-json\/wp\/v2\/comments?post=691"}],"version-history":[{"count":38,"href":"https:\/\/idvasgroup.com\/en\/wp-json\/wp\/v2\/pages\/691\/revisions"}],"predecessor-version":[{"id":857,"href":"https:\/\/idvasgroup.com\/en\/wp-json\/wp\/v2\/pages\/691\/revisions\/857"}],"wp:attachment":[{"href":"https:\/\/idvasgroup.com\/en\/wp-json\/wp\/v2\/media?parent=691"}],"curies":[{"name":"wp","href":"https:\/\/api.w.org\/{rel}","templated":true}]}}