{"id":580,"date":"2024-09-19T09:56:21","date_gmt":"2024-09-19T09:56:21","guid":{"rendered":"https:\/\/idvasgroup.com\/?page_id=580"},"modified":"2024-09-23T17:00:46","modified_gmt":"2024-09-23T17:00:46","slug":"politica-de-cookies","status":"publish","type":"page","link":"https:\/\/idvasgroup.com\/en\/politica-de-cookies\/","title":{"rendered":"COOKIE POLICY"},"content":{"rendered":"<p>This policy regulates the use of cookies and establishes the legal basis of the company <strong>IDVAS GROUP S.R.L.<\/strong> for the use of cookies and similar technologies on the website or systems linked to the website <strong>idvasgroup.com<\/strong>. This policy is valid from 01.08.2024.&nbsp;<\/p>\n\n\n\n<p>Essential cookies are automatically placed on your computer, laptop or any device that can access or act on the company\u2019s website. More information about essential cookies can be found in the \u201eAbout cookies section\u201d. The information on how to consent the non-essential cookies and other technologies and how to remove this consent can be found in the \u201eHow to enable or disable cookies\u201d section.&nbsp;<\/p>\n\n\n\n<p><strong>About cookies<\/strong><\/p>\n\n\n\n<p>Cookies are small text files sent by a website\u2019s server to a browser (IE, Firefox, Chrom, Opera), RAM memory or hard disk, and stored there. They may be used for a variety of purposes, such as customizing the site based on the needs of a particular user, helping you navigate through the website, improving the quality of the website for the user or storing your preferences and access information.&nbsp;<\/p>\n\n\n\n<p><strong>Essential and non-essential cookies indispensables<\/strong><\/p>\n\n\n\n<p>Cookies can be classified as essential and non-essential&nbsp;<\/p>\n\n\n\n<p>Essential cookies have one of the following characteristics:&nbsp;<\/p>\n\n\n\n<ul class=\"wp-block-list\">\n<li>They are used exclusively to perform or facilitate communication within a network.<\/li>\n\n\n\n<li>They are strictly necessary for the delivery of an online service (e.g., our website or service offered on our website requested by you.&nbsp;<\/li>\n<\/ul>\n\n\n\n<p><\/p>\n\n\n\n<p>Non-essential cookies do not fall under the definition of essential cookies because they are not strictly necessary for the operation of a website or the services offered on it, such as the cookies used to analyze the behavior on a website (analytic cookies) or cookies used to display advertisements.&nbsp;<\/p>\n\n\n\n<p><strong>Session and persistent cookies&nbsp;<\/strong><\/p>\n\n\n\n<p>Depending on the length of time they are stored in the browser, cookies can be classified as: session and persistent cookies.&nbsp;<\/p>\n\n\n\n<p>Session cookies remain on the device while the browser is open. They are deleted once the browser is closed.&nbsp;<\/p>\n\n\n\n<p>Persistent cookies expire at a certain point in time or when they are manually deleted from your web browser.&nbsp;<\/p>\n\n\n\n<p><strong>How to enable or disable cookies&nbsp;<\/strong><\/p>\n\n\n\n<p>You can manage your cookie settings by changing the settings of your web browser. Follow your browser instructions to enable, disable or delete cookies. Note that cookies playa an important in the delivery of our services. If you choose not to accept them, the availability and functionality of some of the features that make the website easy to use and attractive may be affected.&nbsp;<\/p>\n\n\n\n<p>You can enable or disable some or all cookies (e.g. by blocking all third-party cookies) by changing the settings of your web browser. You will find how to do it in the following links of the most popular browsers:<\/p>\n\n\n\n<ul class=\"wp-block-list\">\n<li>Google Chrome:&nbsp;<a href=\"https:\/\/support.google.com\/chrome\/answer\/95647?hl=en\">https:\/\/support.google.com\/chrome\/answer\/95647?hl=en<\/a><\/li>\n\n\n\n<li>Mozilla Firefox:\u00a0<a href=\"https:\/\/support.mozilla.org\/en-US\/kb\/clear-cookies-and-website-data-single-domain-android\">https:\/\/support.mozilla.org\/en-US\/kb\/clear-cookies-and-website-data-single-domain-android<\/a>\u00a0<\/li>\n\n\n\n<li>Microsoft Internet Explorer:&nbsp;<a href=\"https:\/\/support.microsoft.com\/en-us\/topic\/how-to-delete-cookie-files-in-internet-explorer-bca9446f-d873-78de-77ba-d42645fa52fc\">https:\/\/support.microsoft.com\/en-us\/topic\/how-to-delete-cookie-files-in-internet-explorer-bca9446f-d873-78de-77ba-d42645fa52fc<\/a><\/li>\n\n\n\n<li>Apple Safari: <a href=\"https:\/\/support.apple.com\/guide\/safari\/manage-cookies-sfri11471\/mac\">https:\/\/support.apple.com\/guide\/safari\/manage-cookies-sfri11471\/mac<\/a>&nbsp;<\/li>\n<\/ul>\n\n\n\n<p><\/p>\n\n\n\n<p>To delete cookies that have been previously stored in your browser, you must select the option delete browsing history, ensuring that the option for deleting cookies is activated.&nbsp;<\/p>\n\n\n\n<p>This website uses the service of Google Analytics. You can ensure that your browsing data will not be used by this service by installing the browser extension available at: <a href=\"https:\/\/tools.google.com\/dlpage\/gaoptout\">https:\/\/tools.google.com\/dlpage\/gaoptout<\/a>&nbsp;<\/p>","protected":false},"excerpt":{"rendered":"<p>Esta pol\u00edtica norma el uso de cookies y establece la base legal de la empresa IDVAS GROUP S.R.L. para el uso de cookies y tecnolog\u00edas similares en el sitio web o sistemas vinculados a la web idvasgroup.com. Esta pol\u00edtica es v\u00e1lida desde el 01.08.2024.&nbsp; Las cookies \u201cindispensables\u201d se colocan autom\u00e1ticamente en su ordenador, port\u00e1til o [&hellip;]<\/p>\n","protected":false},"author":1,"featured_media":0,"parent":0,"menu_order":0,"comment_status":"closed","ping_status":"closed","template":"","meta":{"footnotes":""},"class_list":["post-580","page","type-page","status-publish","hentry"],"_links":{"self":[{"href":"https:\/\/idvasgroup.com\/en\/wp-json\/wp\/v2\/pages\/580","targetHints":{"allow":["GET"]}}],"collection":[{"href":"https:\/\/idvasgroup.com\/en\/wp-json\/wp\/v2\/pages"}],"about":[{"href":"https:\/\/idvasgroup.com\/en\/wp-json\/wp\/v2\/types\/page"}],"author":[{"embeddable":true,"href":"https:\/\/idvasgroup.com\/en\/wp-json\/wp\/v2\/users\/1"}],"replies":[{"embeddable":true,"href":"https:\/\/idvasgroup.com\/en\/wp-json\/wp\/v2\/comments?post=580"}],"version-history":[{"count":4,"href":"https:\/\/idvasgroup.com\/en\/wp-json\/wp\/v2\/pages\/580\/revisions"}],"predecessor-version":[{"id":627,"href":"https:\/\/idvasgroup.com\/en\/wp-json\/wp\/v2\/pages\/580\/revisions\/627"}],"wp:attachment":[{"href":"https:\/\/idvasgroup.com\/en\/wp-json\/wp\/v2\/media?parent=580"}],"curies":[{"name":"wp","href":"https:\/\/api.w.org\/{rel}","templated":true}]}}