{"id":464,"date":"2024-08-19T16:03:46","date_gmt":"2024-08-19T16:03:46","guid":{"rendered":"https:\/\/idvasgroup.com\/?page_id=464"},"modified":"2024-08-20T08:07:05","modified_gmt":"2024-08-20T08:07:05","slug":"analisis-pls-sem-avanzado","status":"publish","type":"page","link":"https:\/\/idvasgroup.com\/en\/analisis-pls-sem-avanzado\/","title":{"rendered":"Advanced PLS-SEM Anaysis"},"content":{"rendered":"<p>La modelizaci\u00f3n de ecuaciones estructurales mediante la t\u00e9cnica de m\u00ednimos cuadrados parciales, conocida como PLS-SEM, permite analizar relaciones complejas entre variables latentes. Esta t\u00e9cnica estad\u00edstica ha ganado popularidad en las ciencias sociales porque en comparaci\u00f3n con otras t\u00e9cnicas ofrece gran flexibilidad en t\u00e9rminos de modelizaci\u00f3n y caracter\u00edsticas de los datos. En los \u00faltimos a\u00f1os se han desarrollado nuevos avances metodol\u00f3gicos que permiten incorporar modelos de componentes jer\u00e1rquico (HCM), realizar an\u00e1lisis de mediaci\u00f3n, moderaci\u00f3n, multigrupo o an\u00e1lisis de la condici\u00f3n necesaria (NCA), entre otros. En este curso de an\u00e1lisis PLS-SEM avanzado se abordar\u00e1n los siguientes temas:<\/p>\n\n\n\n<ol class=\"wp-block-list\">\n<li>Mediaci\u00f3n<\/li>\n\n\n\n<li>Heterogeneidad observada (moderaci\u00f3n, invariancia de la medici\u00f3n, an\u00e1lisis multigrupo)<\/li>\n\n\n\n<li>Heterogeneidad no observada (FIMIX-PLS, POS-PLS)<\/li>\n\n\n\n<li>Efectos no lineales<\/li>\n\n\n\n<li>Modelos de componentes jer\u00e1rquicos (HCM)<\/li>\n\n\n\n<li>An\u00e1lisis del mapa-importancia rendimiento (IPMA)<\/li>\n\n\n\n<li>An\u00e1lisis de t\u00e9tradas confirmatorio (CTA-PLS)<\/li>\n\n\n\n<li>Endogeneidad<\/li>\n\n\n\n<li>An\u00e1lisis de la condici\u00f3n necesaria (NCA)<\/li>\n<\/ol>\n\n\n\n<p><\/p>\n\n\n\n<p>El curso incluye manuales y tutoriales video para que los estudiantes aprendan a realizar paso a paso un an\u00e1lisis PLS-SEM. Para el desarrollo del curso y los tutoriales se utiliza el software <a href=\"https:\/\/www.smartpls.com\/\">SmartPLS 4<\/a>. Los estudiantes recibir\u00e1n una licencia gratuita profesional de dos meses para poder realizar el curso. Adem\u00e1s, los estudiantes tienen la opci\u00f3n de recibir tutor\u00edas y asesor\u00eda personalizada para sus proyectos.<\/p>\n\n\n\n<p>Profesor: <a href=\"https:\/\/orcid.org\/0000-0002-8479-8966\">Dra. Vasilica-Maria Margalina<\/a><\/p>\n\n\n\n<p>Vasilica tiene m\u00e1s de 10 a\u00f1os de experiencia en investigaci\u00f3n. Ha impartido cursos de PLS-SEM para varias instituciones, como la Universidad T\u00e9cnica de Ambato y la Universidad T\u00e9cnica Estatal de Quevedo, y cursos online para estudiantes de Colombia, Ecuador, Espa\u00f1a, M\u00e9xico y Per\u00fa. Tiene varios art\u00edculos relacionados con el an\u00e1lisis PLS-SEM publicados en revistas de alto impacto, como Journal of Higher Education, Index.Comunicaci\u00f3n, Retos, entre otros.&nbsp;<\/p>","protected":false},"excerpt":{"rendered":"<p>La modelizaci\u00f3n de ecuaciones estructurales mediante la t\u00e9cnica de m\u00ednimos cuadrados parciales, conocida como PLS-SEM, permite analizar relaciones complejas entre variables latentes. Esta t\u00e9cnica estad\u00edstica ha ganado popularidad en las ciencias sociales porque en comparaci\u00f3n con otras t\u00e9cnicas ofrece gran flexibilidad en t\u00e9rminos de modelizaci\u00f3n y caracter\u00edsticas de los datos. En los \u00faltimos a\u00f1os se [&hellip;]<\/p>\n","protected":false},"author":1,"featured_media":374,"parent":0,"menu_order":0,"comment_status":"closed","ping_status":"closed","template":"","meta":{"footnotes":""},"class_list":["post-464","page","type-page","status-publish","has-post-thumbnail","hentry"],"_links":{"self":[{"href":"https:\/\/idvasgroup.com\/en\/wp-json\/wp\/v2\/pages\/464","targetHints":{"allow":["GET"]}}],"collection":[{"href":"https:\/\/idvasgroup.com\/en\/wp-json\/wp\/v2\/pages"}],"about":[{"href":"https:\/\/idvasgroup.com\/en\/wp-json\/wp\/v2\/types\/page"}],"author":[{"embeddable":true,"href":"https:\/\/idvasgroup.com\/en\/wp-json\/wp\/v2\/users\/1"}],"replies":[{"embeddable":true,"href":"https:\/\/idvasgroup.com\/en\/wp-json\/wp\/v2\/comments?post=464"}],"version-history":[{"count":2,"href":"https:\/\/idvasgroup.com\/en\/wp-json\/wp\/v2\/pages\/464\/revisions"}],"predecessor-version":[{"id":532,"href":"https:\/\/idvasgroup.com\/en\/wp-json\/wp\/v2\/pages\/464\/revisions\/532"}],"wp:featuredmedia":[{"embeddable":true,"href":"https:\/\/idvasgroup.com\/en\/wp-json\/wp\/v2\/media\/374"}],"wp:attachment":[{"href":"https:\/\/idvasgroup.com\/en\/wp-json\/wp\/v2\/media?parent=464"}],"curies":[{"name":"wp","href":"https:\/\/api.w.org\/{rel}","templated":true}]}}