{"id":460,"date":"2024-08-19T16:00:29","date_gmt":"2024-08-19T16:00:29","guid":{"rendered":"https:\/\/idvasgroup.com\/?page_id=460"},"modified":"2025-08-04T11:03:16","modified_gmt":"2025-08-04T11:03:16","slug":"introduccion-al-analisispls-sem","status":"publish","type":"page","link":"https:\/\/idvasgroup.com\/en\/introduccion-al-analisispls-sem\/","title":{"rendered":"Introduction to PLS-SEM Analysis"},"content":{"rendered":"<div data-elementor-type=\"wp-page\" data-elementor-id=\"460\" class=\"elementor elementor-460\" data-elementor-post-type=\"page\">\n\t\t\t\t<div class=\"elementor-element elementor-element-78c96e8a e-flex e-con-boxed e-con e-parent\" data-id=\"78c96e8a\" data-element_type=\"container\" data-e-type=\"container\">\n\t\t\t\t\t<div class=\"e-con-inner\">\n\t\t\t\t<div class=\"elementor-element elementor-element-eb825f1 elementor-widget elementor-widget-text-editor\" data-id=\"eb825f1\" data-element_type=\"widget\" data-e-type=\"widget\" data-widget_type=\"text-editor.default\">\n\t\t\t\t<div class=\"elementor-widget-container\">\n\t\t\t\t\t\t\t\t\t\n<p class=\"translation-block\"><a href=\"\/en\/introduccion-al-analisispls-sem\/\" target=\"_self\">\n\n\t\t\t\t\t\t\t\t\t\t\t<span class=\"elementor-icon-list-text\">Introduction to <br> PLS-SEM Analysis<\/span>\n\t\t\t\t\t\t\t\t\t\t\t<\/a><\/p>\n\n<p>La modelizaci\u00f3n de ecuaciones estructurales mediante la t\u00e9cnica de m\u00ednimos cuadrados parciales, conocida como PLS-SEM, permite analizar relaciones complejas entre variables latentes. Esta t\u00e9cnica estad\u00edstica ha ganado popularidad en las ciencias sociales porque en comparaci\u00f3n con otras t\u00e9cnicas ofrece gran flexibilidad en t\u00e9rminos de modelizaci\u00f3n y caracter\u00edsticas de los datos. En este curso introductorio al an\u00e1lisis PLS-SEM se abordar\u00e1n los siguientes temas:<\/p>\n\n<ol class=\"wp-block-list\">\n<li>Fundamentos del PLS-SEM<\/li>\n\n<li>Evaluaci\u00f3n del modelo de medida reflectivo<\/li>\n\n<li>Evaluaci\u00f3n del modelo de medida formativo<\/li>\n\n<li>An\u00e1lisis del modelo estructural<\/li>\n<\/ol>\n\n<p>\u00a0<\/p>\n\n<p>El curso se imparte en modalidad online e incluye el acceso al campus virtual, manuales y tutoriales video para que los estudiantes aprendan a realizar paso a paso un an\u00e1lisis PLS-SEM. Para el desarrollo del curso y los tutoriales se utiliza el software <a href=\"https:\/\/www.smartpls.com\/\">SmartPLS 4<\/a>. Los estudiantes recibir\u00e1n una licencia gratuita profesional de dos meses para poder realizar el curso. Adem\u00e1s, los estudiantes tienen la opci\u00f3n de recibir tutor\u00edas y asesor\u00eda personalizada para sus proyectos.<\/p>\n<p><\/p>\n\n<p>Profesor: <a href=\"https:\/\/orcid.org\/0000-0002-8479-8966\">Dra. Vasilica-Maria Margalina<\/a><\/p>\n\n<p>Vasilica tiene m\u00e1s de 10 a\u00f1os de experiencia en investigaci\u00f3n. Ha impartido cursos de PLS-SEM para varias instituciones, como la Universidad T\u00e9cnica de Ambato y la Universidad T\u00e9cnica Estatal de Quevedo, y cursos online para estudiantes de Colombia, Ecuador, Espa\u00f1a, M\u00e9xico y Per\u00fa. Tiene varios art\u00edculos relacionados con el an\u00e1lisis PLS-SEM publicados en revistas de alto impacto, como Journal of Higher Education, Index.Comunicaci\u00f3n, Retos, entre otros.\u00a0<\/p>\n\n<p>Planes de precios<\/p>\n\n<figure class=\"wp-block-table\">\n<table class=\"has-fixed-layout\">\n<tbody>\n<tr>\n<td>Plan A: <strong>80,88 USD<\/strong><\/td>\n<td>Plan B: <strong>120,68 USD<\/strong><\/td>\n<td>Plan C: <strong>179,98 USD<\/strong><\/td>\n<\/tr>\n<tr>\n<td>1 mes de acceso a la plataforma<\/td>\n<td>6 meses de acceso a la plataforma<br \/>3 horas de tutor\u00eda (en grupo)<\/td>\n<td>1 a\u00f1o de acceso a la plataforma<br \/>3 horas de tutor\u00eda (en grupo)<br \/>3 horas de asesor\u00eda individual<\/td>\n<\/tr>\n<\/tbody>\n<\/table>\n<\/figure>\n\n<figure class=\"wp-block-table\">\n<table class=\"has-fixed-layout\">\n<tbody>\n<tr>\n<td class=\"has-text-align-center\" data-align=\"center\"><a href=\"https:\/\/i-d-academy.teachable.com\/purchase?product_id=5950732\" target=\"_blank\" rel=\"noopener\" data-type=\"link\" data-id=\"https:\/\/idvasgroup.com\/introduccion-al-analisispls-sem\/\">Comprar<\/a><\/td>\n<td class=\"has-text-align-center\" data-align=\"center\"><a href=\"https:\/\/i-d-academy.teachable.com\/purchase?product_id=6333288\" target=\"_blank\" rel=\"noopener\" data-type=\"link\" data-id=\"https:\/\/idvasgroup.com\/introduccion-al-analisispls-sem\/\">Comprar<\/a><\/td>\n<td class=\"has-text-align-center\" data-align=\"center\"><a href=\"https:\/\/i-d-academy.teachable.com\/purchase?product_id=5950712\" target=\"_blank\" rel=\"noopener\" data-type=\"link\" data-id=\"https:\/\/idvasgroup.com\/introduccion-al-analisispls-sem\/\">Comprar<\/a><\/td>\n<\/tr>\n<\/tbody>\n<\/table>\n<\/figure>\n\t\t\t\t\t\t\t\t<\/div>\n\t\t\t\t<\/div>\n\t\t\t\t\t<\/div>\n\t\t\t\t<\/div>\n\t\t<div class=\"elementor-element elementor-element-5b2c24b e-flex e-con-boxed e-con e-parent\" data-id=\"5b2c24b\" data-element_type=\"container\" data-e-type=\"container\">\n\t\t\t\t\t<div class=\"e-con-inner\">\n\t\t\t\t\t<\/div>\n\t\t\t\t<\/div>\n\t\t\t\t<\/div>","protected":false},"excerpt":{"rendered":"<p>Introducci\u00f3n al an\u00e1lisis PLS-SEM La modelizaci\u00f3n de ecuaciones estructurales mediante la t\u00e9cnica de m\u00ednimos cuadrados parciales, conocida como PLS-SEM, permite analizar relaciones complejas entre variables latentes. Esta t\u00e9cnica estad\u00edstica ha ganado popularidad en las ciencias sociales porque en comparaci\u00f3n con otras t\u00e9cnicas ofrece gran flexibilidad en t\u00e9rminos de modelizaci\u00f3n y caracter\u00edsticas de los datos. En [&hellip;]<\/p>\n","protected":false},"author":1,"featured_media":376,"parent":0,"menu_order":0,"comment_status":"closed","ping_status":"closed","template":"","meta":{"footnotes":""},"class_list":["post-460","page","type-page","status-publish","has-post-thumbnail","hentry"],"_links":{"self":[{"href":"https:\/\/idvasgroup.com\/en\/wp-json\/wp\/v2\/pages\/460","targetHints":{"allow":["GET"]}}],"collection":[{"href":"https:\/\/idvasgroup.com\/en\/wp-json\/wp\/v2\/pages"}],"about":[{"href":"https:\/\/idvasgroup.com\/en\/wp-json\/wp\/v2\/types\/page"}],"author":[{"embeddable":true,"href":"https:\/\/idvasgroup.com\/en\/wp-json\/wp\/v2\/users\/1"}],"replies":[{"embeddable":true,"href":"https:\/\/idvasgroup.com\/en\/wp-json\/wp\/v2\/comments?post=460"}],"version-history":[{"count":58,"href":"https:\/\/idvasgroup.com\/en\/wp-json\/wp\/v2\/pages\/460\/revisions"}],"predecessor-version":[{"id":860,"href":"https:\/\/idvasgroup.com\/en\/wp-json\/wp\/v2\/pages\/460\/revisions\/860"}],"wp:featuredmedia":[{"embeddable":true,"href":"https:\/\/idvasgroup.com\/en\/wp-json\/wp\/v2\/media\/376"}],"wp:attachment":[{"href":"https:\/\/idvasgroup.com\/en\/wp-json\/wp\/v2\/media?parent=460"}],"curies":[{"name":"wp","href":"https:\/\/api.w.org\/{rel}","templated":true}]}}